{"id":923,"date":"2023-04-25T13:21:45","date_gmt":"2023-04-25T13:21:45","guid":{"rendered":"http:\/\/www.karben.com.tr\/de\/?page_id=923"},"modified":"2023-06-20T13:45:22","modified_gmt":"2023-06-20T13:45:22","slug":"news-blog-of-bentonite","status":"publish","type":"page","link":"https:\/\/www.karben.com.tr\/de\/news-blog-of-bentonite\/","title":{"rendered":"Neu\u0131gke\u0131ten und Blog von Benton\u0131te"},"content":{"rendered":"<section class=\"wpb-content-wrapper\"><p>[vc_row content_placement=&#8221;top&#8221; fullwidth=&#8221;yes&#8221;][vc_column]\t\n\t<div class=\"header-text \">\n\t\t    \t<h1>Neu\u0131gke\u0131ten und Blog von Benton\u0131te<\/h1>\n    \t<p><\/p>\n    <\/div>\n\t\n   \n\t<div class=\"z-index\">\t\n    \t\n\t\t<div class=\"four columns\">\n\t\t\t<div class=\"blog-post home-blog\">\n\t\t\t\t\t\t\t\t<a href=\"https:\/\/www.karben.com.tr\/de\/2023\/04\/25\/karben-bentonite-about-bentonite-demarche\/\"><img decoding=\"async\" src=\"https:\/\/www.karben.com.tr\/de\/wp-content\/uploads\/bfi_thumb\/bentonit-ve-bentonit-hakkinda-3i1omp1sglvk4bpuwwqv40.jpg\" alt=\"\" \/><\/a>\n\t\t\t\t<h5><a href=\"https:\/\/www.karben.com.tr\/de\/2023\/04\/25\/karben-bentonite-about-bentonite-demarche\/\">KarBen Benton\u0131t &#038; \u00dcber Benton\u0131t (Vorgehenswe\u0131se)<\/a><\/h5>\n\t\t\t\t<p>KarBen begann seine T\u00e4tigkeit im Jahr 1989 mit dem Ziel, Bentonit und chemische Materialien f\u00fcr die Bereiche Bohren, Eisenstahlguss, Eisenerzpelletierung, Industriemineralien und Tiefbau zu...<\/p>\n\t\t\t\t<p><span>Nisan 25, 2023<\/span><span>0 comment<\/span><\/p>\n\t\t\t<\/div>\n\t\t<\/div>\n\t\n\t\t\n\t\t<div class=\"four columns\">\n\t\t\t<div class=\"blog-post home-blog\">\n\t\t\t\t\t\t\t\t<a href=\"https:\/\/www.karben.com.tr\/de\/2014\/10\/30\/bentonite-based-production-raw-material-rd-and-economy-recommendations-for-the-construction-industry-after-the-earthquake\/\"><img decoding=\"async\" src=\"https:\/\/www.karben.com.tr\/de\/wp-content\/uploads\/bfi_thumb\/bentonite-1-3i1omox9mbcdc9yzj1k7i8.jpg\" alt=\"\" \/><\/a>\n\t\t\t\t<h5><a href=\"https:\/\/www.karben.com.tr\/de\/2014\/10\/30\/bentonite-based-production-raw-material-rd-and-economy-recommendations-for-the-construction-industry-after-the-earthquake\/\">BENTONITBASIERTE PRODUKTION, ROHSTOFE, F&#038;E UND WIRTSCHAFTLICHE EMPFEHLUNGEN F\u00dcR DIE BAUINDUSTRIE NACH DEM ERDBEBEN<\/a><\/h5>\n\t\t\t\t<p>Erdbeben sind eine Tatsache unseres Lebens, genau wie die Wirtschaft, aber es ist eine unbestreitbare Realit\u00e4t, dass die damit verbundenen Verluste die Risikokosten in...<\/p>\n\t\t\t\t<p><span>Ekim 30, 2014<\/span><span>0 comment<\/span><\/p>\n\t\t\t<\/div>\n\t\t<\/div>\n\t\n\t\t\n\t\t<div class=\"four columns\">\n\t\t\t<div class=\"blog-post home-blog\">\n\t\t\t\t\t\t\t\t<a href=\"https:\/\/www.karben.com.tr\/de\/2014\/09\/22\/karben-starts-mining-dictionary-project-for-sustainable-production-and-rd-in-raw-materials-sector\/\"><img decoding=\"async\" src=\"https:\/\/www.karben.com.tr\/de\/wp-content\/uploads\/bfi_thumb\/Maden-sozlugu-3i1omox9mbcdc9yzj1k7i8.png\" alt=\"\" \/><\/a>\n\t\t\t\t<h5><a href=\"https:\/\/www.karben.com.tr\/de\/2014\/09\/22\/karben-starts-mining-dictionary-project-for-sustainable-production-and-rd-in-raw-materials-sector\/\">KARBEN STARTET BERGBAU -W\u00d6TERBUCH- PROJEKT F\u00dcR NACHHALTIGE PRODUKTION UND F&#038;E IM ROHSTOFFBEREICH&#8230;<\/a><\/h5>\n\t\t\t\t<p>Tagebau; Eine Bergbaumethode, die den Prozess des wirtschaftlichen Abbaus der dar\u00fcber liegenden Schicht einer Mine beschreibt, die sich unter der Erde befindet oder zutage...<\/p>\n\t\t\t\t<p><span>Eyl\u00fcl 22, 2014<\/span><span>0 comment<\/span><\/p>\n\t\t\t<\/div>\n\t\t<\/div>\n\t\n\t\t\t\t<div class=\"clear\"><\/div>\n\t\t<div class=\"twelve columns\">\n\t\t\t<div class=\"blog-link\"><a href=\"http:\/\/www.karben.com.tr\/de\/\">KARBEN BENTONITE<\/a><\/div>\n\t\t<\/div>\n\t\t\n\t<\/div> \n[\/vc_column][\/vc_row]<\/p>\n<\/section>","protected":false},"excerpt":{"rendered":"<p>[vc_row content_placement=&#8221;top&#8221; fullwidth=&#8221;yes&#8221;][vc_column][\/vc_column][\/vc_row]<\/p>\n","protected":false},"author":3,"featured_media":0,"parent":0,"menu_order":0,"comment_status":"closed","ping_status":"closed","template":"page-templates\/template-fullwidth.php","meta":{"footnotes":""},"class_list":["post-923","page","type-page","status-publish","hentry"],"_links":{"self":[{"href":"https:\/\/www.karben.com.tr\/de\/wp-json\/wp\/v2\/pages\/923","targetHints":{"allow":["GET"]}}],"collection":[{"href":"https:\/\/www.karben.com.tr\/de\/wp-json\/wp\/v2\/pages"}],"about":[{"href":"https:\/\/www.karben.com.tr\/de\/wp-json\/wp\/v2\/types\/page"}],"author":[{"embeddable":true,"href":"https:\/\/www.karben.com.tr\/de\/wp-json\/wp\/v2\/users\/3"}],"replies":[{"embeddable":true,"href":"https:\/\/www.karben.com.tr\/de\/wp-json\/wp\/v2\/comments?post=923"}],"version-history":[{"count":10,"href":"https:\/\/www.karben.com.tr\/de\/wp-json\/wp\/v2\/pages\/923\/revisions"}],"predecessor-version":[{"id":988,"href":"https:\/\/www.karben.com.tr\/de\/wp-json\/wp\/v2\/pages\/923\/revisions\/988"}],"wp:attachment":[{"href":"https:\/\/www.karben.com.tr\/de\/wp-json\/wp\/v2\/media?parent=923"}],"curies":[{"name":"wp","href":"https:\/\/api.w.org\/{rel}","templated":true}]}}